{"id":147,"date":"2024-03-02T10:06:07","date_gmt":"2024-03-02T09:06:07","guid":{"rendered":"https:\/\/www.astrid-lindgren-schule-koeln.de\/wordpress\/?page_id=147"},"modified":"2024-10-31T10:31:58","modified_gmt":"2024-10-31T09:31:58","slug":"kontakt","status":"publish","type":"page","link":"https:\/\/www.astrid-lindgren-schule-koeln.de\/wordpress\/kontakt\/","title":{"rendered":"Kontakt->Schule"},"content":{"rendered":"\n<h2 class=\"wp-block-heading has-text-align-center\" style=\"margin-top:var(--wp--preset--spacing--30);margin-bottom:var(--wp--preset--spacing--40)\">Kontakt &#8211; Schule<\/h2>\n\n\n\n<div class=\"wp-block-columns alignwide is-layout-flex wp-container-core-columns-is-layout-1 wp-block-columns-is-layout-flex\">\n<div class=\"wp-block-column is-layout-flow wp-block-column-is-layout-flow\" style=\"border-style:none;border-width:0px;flex-basis:33.33%\">\n<p><strong>Astrid-Lindgren-Schule<\/strong><\/p>\n\n\n\n<p>Borsigstrasse 13<br>50825 K\u00f6ln<\/p>\n\n\n\n<p>Telefon: 0221 250 816 40<br>Telefax: 0221 250 816 428<\/p>\n\n\n\n<p>Email: <a href=\"mailto:111995@schule.nrw.de\">111995@schule.nrw.de<\/a><br><br><strong>Schulleiterin<\/strong><br>Heidi Siebers<br><br><strong>Konrektorin<\/strong><br>Annika Jubelius<br><br><strong>Schulsekret\u00e4rin<\/strong><br>Vanessa May<\/p>\n\n\n\n<p>Dienstag und Donnerstag<br>8.00 Uhr bis 13.00 Uhr<\/p>\n\n\n\n<p><strong>Anfahrt K\u00f6lner Verkehrsbetriebe<\/strong><br>Stra\u00dfenbahnlinien 3 und 4<br>Buslinien 141 und 143<br>Haltestelle Rochusplatz<\/p>\n<\/div>\n\n\n\n<div class=\"wp-block-column is-layout-flow wp-container-core-column-is-layout-2 wp-block-column-is-layout-flow\" style=\"border-style:none;border-width:0px;padding-top:0;padding-bottom:0;flex-basis:50%\">\n<figure class=\"wp-block-image size-large is-resized is-style-rounded is-style-rounded--1\"><img loading=\"lazy\" decoding=\"async\" width=\"1024\" height=\"718\" src=\"https:\/\/www.astrid-lindgren-schule-koeln.de\/wordpress\/wp-content\/uploads\/2024\/03\/schulmap-1024x718.jpg\" alt=\"\" class=\"wp-image-517\" style=\"width:600px\" srcset=\"https:\/\/www.astrid-lindgren-schule-koeln.de\/wordpress\/wp-content\/uploads\/2024\/03\/schulmap-1024x718.jpg 1024w, https:\/\/www.astrid-lindgren-schule-koeln.de\/wordpress\/wp-content\/uploads\/2024\/03\/schulmap-300x210.jpg 300w, https:\/\/www.astrid-lindgren-schule-koeln.de\/wordpress\/wp-content\/uploads\/2024\/03\/schulmap-768x539.jpg 768w, https:\/\/www.astrid-lindgren-schule-koeln.de\/wordpress\/wp-content\/uploads\/2024\/03\/schulmap.jpg 1163w\" sizes=\"auto, (max-width: 1024px) 100vw, 1024px\" \/><\/figure>\n\n\n\n<div align=\"center\">\n<iframe src=\"https:\/\/www.google.com\/maps\/embed?pb=!1m18!1m12!1m3!1d2513.203779652271!2d6.90374676471774!3d50.95693651014151!2m3!1f0!2f0!3f0!3m2!1i1024!2i768!4f13.1!3m3!1m2!1s0x47bf25485ebede53%3A0xa41fabbf925b6b4f!2sGGS%20Astrid-Lindgren!5e0!3m2!1sen!2sde!4v1709396558123!5m2!1sen!2sde\" width=\"500\" height=\"375\" style=\"border:0;\" allowfullscreen=\"\" loading=\"lazy\" referrerpolicy=\"no-referrer-when-downgrade\"><\/iframe><\/div>\n<\/div>\n<\/div>\n\n\n\n<p><\/p>\n","protected":false},"excerpt":{"rendered":"<p>Kontakt &#8211; Schule Astrid-Lindgren-Schule Borsigstrasse 1350825 K\u00f6ln Telefon: 0221 250 816 40Telefax: 0221 250 816 428 Email: 111995@schule.nrw.de SchulleiterinHeidi Siebers KonrektorinAnnika Jubelius Schulsekret\u00e4rinVanessa May Dienstag und Donnerstag8.00 Uhr bis 13.00 Uhr Anfahrt K\u00f6lner VerkehrsbetriebeStra\u00dfenbahnlinien 3 und 4Buslinien 141 und 143Haltestelle Rochusplatz<\/p>\n","protected":false},"author":1,"featured_media":2091,"parent":0,"menu_order":0,"comment_status":"closed","ping_status":"closed","template":"","meta":{"footnotes":""},"class_list":["post-147","page","type-page","status-publish","has-post-thumbnail","hentry"],"_links":{"self":[{"href":"https:\/\/www.astrid-lindgren-schule-koeln.de\/wordpress\/wp-json\/wp\/v2\/pages\/147","targetHints":{"allow":["GET"]}}],"collection":[{"href":"https:\/\/www.astrid-lindgren-schule-koeln.de\/wordpress\/wp-json\/wp\/v2\/pages"}],"about":[{"href":"https:\/\/www.astrid-lindgren-schule-koeln.de\/wordpress\/wp-json\/wp\/v2\/types\/page"}],"author":[{"embeddable":true,"href":"https:\/\/www.astrid-lindgren-schule-koeln.de\/wordpress\/wp-json\/wp\/v2\/users\/1"}],"replies":[{"embeddable":true,"href":"https:\/\/www.astrid-lindgren-schule-koeln.de\/wordpress\/wp-json\/wp\/v2\/comments?post=147"}],"version-history":[{"count":14,"href":"https:\/\/www.astrid-lindgren-schule-koeln.de\/wordpress\/wp-json\/wp\/v2\/pages\/147\/revisions"}],"predecessor-version":[{"id":2132,"href":"https:\/\/www.astrid-lindgren-schule-koeln.de\/wordpress\/wp-json\/wp\/v2\/pages\/147\/revisions\/2132"}],"wp:featuredmedia":[{"embeddable":true,"href":"https:\/\/www.astrid-lindgren-schule-koeln.de\/wordpress\/wp-json\/wp\/v2\/media\/2091"}],"wp:attachment":[{"href":"https:\/\/www.astrid-lindgren-schule-koeln.de\/wordpress\/wp-json\/wp\/v2\/media?parent=147"}],"curies":[{"name":"wp","href":"https:\/\/api.w.org\/{rel}","templated":true}]}}