{"id":14,"date":"2024-03-01T21:52:59","date_gmt":"2024-03-01T20:52:59","guid":{"rendered":"https:\/\/www.astrid-lindgren-schule-koeln.de\/wordpress\/?page_id=14"},"modified":"2026-04-15T15:51:34","modified_gmt":"2026-04-15T13:51:34","slug":"willkommen","status":"publish","type":"page","link":"https:\/\/www.astrid-lindgren-schule-koeln.de\/wordpress\/","title":{"rendered":"Startseite"},"content":{"rendered":"\n<figure class=\"wp-block-image alignwide size-full\"><img loading=\"lazy\" decoding=\"async\" width=\"673\" height=\"8\" src=\"https:\/\/www.astrid-lindgren-schule-koeln.de\/wordpress\/wp-content\/uploads\/2024\/03\/streifen.png\" alt=\"\" class=\"wp-image-15\" srcset=\"https:\/\/www.astrid-lindgren-schule-koeln.de\/wordpress\/wp-content\/uploads\/2024\/03\/streifen.png 673w, https:\/\/www.astrid-lindgren-schule-koeln.de\/wordpress\/wp-content\/uploads\/2024\/03\/streifen-300x4.png 300w\" sizes=\"auto, (max-width: 673px) 100vw, 673px\" \/><\/figure>\n\n\n\n<p class=\"has-text-align-center has-accent-8-background-color has-background\" style=\"margin-top:0;margin-bottom:0;font-size:clamp(0.984rem, 0.984rem + ((1vw - 0.2rem) * 0.938), 1.5rem);\">Wir m\u00f6chten Ihnen unsere inklusive Schule, den Offenen Ganztag und die Menschen, die hier ungeachtet ihrer religi\u00f6sen Zugeh\u00f6rigkeit und ihrer ethnischen Herkunft gemeinsam im Herzen von Ehrenfeld lernen und arbeiten, vorstellen.<\/p>\n\n\n\n<p class=\"has-text-align-center has-accent-8-background-color has-background\" style=\"margin-bottom:0;font-size:clamp(0.984rem, 0.984rem + ((1vw - 0.2rem) * 0.938), 1.5rem);\">Sie k\u00f6nnen sich hier \u00fcber Termine, Schulfeste, Projekte und Aktionen informieren. Bei weiteren Fragen nehmen Sie einfach Kontakt mit uns auf \u2013 wir freuen uns \u00fcber Ihr Interesse!<\/p>\n\n\n\n<figure class=\"wp-block-image alignwide size-full\"><img loading=\"lazy\" decoding=\"async\" width=\"673\" height=\"8\" src=\"https:\/\/www.astrid-lindgren-schule-koeln.de\/wordpress\/wp-content\/uploads\/2024\/03\/streifen.png\" alt=\"\" class=\"wp-image-15\" srcset=\"https:\/\/www.astrid-lindgren-schule-koeln.de\/wordpress\/wp-content\/uploads\/2024\/03\/streifen.png 673w, https:\/\/www.astrid-lindgren-schule-koeln.de\/wordpress\/wp-content\/uploads\/2024\/03\/streifen-300x4.png 300w\" sizes=\"auto, (max-width: 673px) 100vw, 673px\" \/><\/figure>\n\n\n\n<p><\/p>\n\n\n\n<figure class=\"wp-block-image aligncenter size-full\"><img loading=\"lazy\" decoding=\"async\" width=\"845\" height=\"845\" src=\"https:\/\/www.astrid-lindgren-schule-koeln.de\/wordpress\/wp-content\/uploads\/2024\/06\/Unbenanntes_Projekt.png\" alt=\"\" class=\"wp-image-1651\" srcset=\"https:\/\/www.astrid-lindgren-schule-koeln.de\/wordpress\/wp-content\/uploads\/2024\/06\/Unbenanntes_Projekt.png 845w, https:\/\/www.astrid-lindgren-schule-koeln.de\/wordpress\/wp-content\/uploads\/2024\/06\/Unbenanntes_Projekt-300x300.png 300w, https:\/\/www.astrid-lindgren-schule-koeln.de\/wordpress\/wp-content\/uploads\/2024\/06\/Unbenanntes_Projekt-150x150.png 150w, https:\/\/www.astrid-lindgren-schule-koeln.de\/wordpress\/wp-content\/uploads\/2024\/06\/Unbenanntes_Projekt-768x768.png 768w\" sizes=\"auto, (max-width: 845px) 100vw, 845px\" \/><\/figure>\n\n\n\n<header class=\"wp-block-group has-accent-8-background-color has-background is-content-justification-center is-layout-flex wp-container-core-group-is-layout-1 wp-block-group-is-layout-flex wp-container-1 is-position-sticky\" style=\"padding-right:var(--wp--preset--spacing--10);padding-left:var(--wp--preset--spacing--10)\"><\/header>\n\n\n\n<p class=\"has-text-align-center\">Gr\u00fc\u00dfe aus der Borsigstra\u00dfe<\/p>\n\n\n\n<p class=\"has-text-align-center\">Heidi Siebers &amp; Annika Jubelius&nbsp;&nbsp;&nbsp; &nbsp;&nbsp;&nbsp;&nbsp; Helena Wahl &amp; Ana Castelo<\/p>\n\n\n\n<p class=\"has-text-align-center\">Team der GGS Astrid Lindgren<\/p>\n\n\n\n<figure class=\"wp-block-image aligncenter size-full is-style-rounded wp-container-content-1 is-style-rounded--2\"><img loading=\"lazy\" decoding=\"async\" width=\"403\" height=\"403\" src=\"https:\/\/www.astrid-lindgren-schule-koeln.de\/wordpress\/wp-content\/uploads\/2024\/04\/zitat.png\" alt=\"\" class=\"wp-image-1344\" style=\"object-fit:cover\" srcset=\"https:\/\/www.astrid-lindgren-schule-koeln.de\/wordpress\/wp-content\/uploads\/2024\/04\/zitat.png 403w, https:\/\/www.astrid-lindgren-schule-koeln.de\/wordpress\/wp-content\/uploads\/2024\/04\/zitat-300x300.png 300w, https:\/\/www.astrid-lindgren-schule-koeln.de\/wordpress\/wp-content\/uploads\/2024\/04\/zitat-150x150.png 150w\" sizes=\"auto, (max-width: 403px) 100vw, 403px\" \/><\/figure>\n","protected":false},"excerpt":{"rendered":"<p>Wir m\u00f6chten Ihnen unsere inklusive Schule, den Offenen Ganztag und die Menschen, die hier ungeachtet ihrer religi\u00f6sen Zugeh\u00f6rigkeit und ihrer ethnischen Herkunft gemeinsam im Herzen von Ehrenfeld lernen und arbeiten, vorstellen. Sie k\u00f6nnen sich hier \u00fcber Termine, Schulfeste, Projekte und Aktionen informieren. Bei weiteren Fragen nehmen Sie einfach Kontakt mit uns auf \u2013 wir freuen [&hellip;]<\/p>\n","protected":false},"author":1,"featured_media":2091,"parent":0,"menu_order":0,"comment_status":"closed","ping_status":"closed","template":"","meta":{"footnotes":""},"class_list":["post-14","page","type-page","status-publish","has-post-thumbnail","hentry"],"_links":{"self":[{"href":"https:\/\/www.astrid-lindgren-schule-koeln.de\/wordpress\/wp-json\/wp\/v2\/pages\/14","targetHints":{"allow":["GET"]}}],"collection":[{"href":"https:\/\/www.astrid-lindgren-schule-koeln.de\/wordpress\/wp-json\/wp\/v2\/pages"}],"about":[{"href":"https:\/\/www.astrid-lindgren-schule-koeln.de\/wordpress\/wp-json\/wp\/v2\/types\/page"}],"author":[{"embeddable":true,"href":"https:\/\/www.astrid-lindgren-schule-koeln.de\/wordpress\/wp-json\/wp\/v2\/users\/1"}],"replies":[{"embeddable":true,"href":"https:\/\/www.astrid-lindgren-schule-koeln.de\/wordpress\/wp-json\/wp\/v2\/comments?post=14"}],"version-history":[{"count":87,"href":"https:\/\/www.astrid-lindgren-schule-koeln.de\/wordpress\/wp-json\/wp\/v2\/pages\/14\/revisions"}],"predecessor-version":[{"id":2624,"href":"https:\/\/www.astrid-lindgren-schule-koeln.de\/wordpress\/wp-json\/wp\/v2\/pages\/14\/revisions\/2624"}],"wp:featuredmedia":[{"embeddable":true,"href":"https:\/\/www.astrid-lindgren-schule-koeln.de\/wordpress\/wp-json\/wp\/v2\/media\/2091"}],"wp:attachment":[{"href":"https:\/\/www.astrid-lindgren-schule-koeln.de\/wordpress\/wp-json\/wp\/v2\/media?parent=14"}],"curies":[{"name":"wp","href":"https:\/\/api.w.org\/{rel}","templated":true}]}}